{"id":1356,"date":"2024-02-13T23:21:32","date_gmt":"2024-02-13T23:21:32","guid":{"rendered":"https:\/\/alquiladoramesasur.com\/?post_type=product&#038;p=1356"},"modified":"2025-02-23T07:01:01","modified_gmt":"2025-02-23T07:01:01","slug":"renta-copa-para-martini","status":"publish","type":"product","link":"https:\/\/alquiladoramesasur.com\/?product=renta-copa-para-martini","title":{"rendered":"Renta Copa Para Martini"},"content":{"rendered":"","protected":false},"excerpt":{"rendered":"<p>Renta\u00a0 Copa Para Martini. En el caso de uso de cristaler\u00eda, el cliente debe entregar cristaler\u00eda limpia, en caso de lo contrario se debe cubrir una cuota de $2 por pieza.<\/p>\n<p>Si realiza su pedido v\u00eda Internet considere hacerlo con por lo menos 72 hrs de anticipaci\u00f3n para una mayor probabilidad de disponibilidad. Al recibir su pedido un ejecutivo se comunicara a su tel\u00e9fono para confirmar el inventario disponible y la fecha de su evento y entrega.<\/p>\n<p>&nbsp;<\/p>\n","protected":false},"featured_media":1352,"comment_status":"open","ping_status":"closed","template":"","meta":{"_uag_custom_page_level_css":"","site-sidebar-layout":"default","site-content-layout":"default","ast-site-content-layout":"","site-content-style":"default","site-sidebar-style":"default","ast-global-header-display":"","ast-banner-title-visibility":"","ast-main-header-display":"","ast-hfb-above-header-display":"","ast-hfb-below-header-display":"","ast-hfb-mobile-header-display":"","site-post-title":"","ast-breadcrumbs-content":"","ast-featured-img":"","footer-sml-layout":"","theme-transparent-header-meta":"default","adv-header-id-meta":"","stick-header-meta":"","header-above-stick-meta":"","header-main-stick-meta":"","header-below-stick-meta":"","astra-migrate-meta-layouts":"default","ast-page-background-enabled":"default","ast-page-background-meta":{"desktop":{"background-color":"var(--ast-global-color-4)","background-image":"","background-repeat":"repeat","background-position":"center center","background-size":"auto","background-attachment":"scroll","background-type":"","background-media":"","overlay-type":"","overlay-color":"","overlay-opacity":"","overlay-gradient":""},"tablet":{"background-color":"","background-image":"","background-repeat":"repeat","background-position":"center center","background-size":"auto","background-attachment":"scroll","background-type":"","background-media":"","overlay-type":"","overlay-color":"","overlay-opacity":"","overlay-gradient":""},"mobile":{"background-color":"","background-image":"","background-repeat":"repeat","background-position":"center center","background-size":"auto","background-attachment":"scroll","background-type":"","background-media":"","overlay-type":"","overlay-color":"","overlay-opacity":"","overlay-gradient":""}},"ast-content-background-meta":{"desktop":{"background-color":"var(--ast-global-color-5)","background-image":"","background-repeat":"repeat","background-position":"center center","background-size":"auto","background-attachment":"scroll","background-type":"","background-media":"","overlay-type":"","overlay-color":"","overlay-opacity":"","overlay-gradient":""},"tablet":{"background-color":"var(--ast-global-color-5)","background-image":"","background-repeat":"repeat","background-position":"center center","background-size":"auto","background-attachment":"scroll","background-type":"","background-media":"","overlay-type":"","overlay-color":"","overlay-opacity":"","overlay-gradient":""},"mobile":{"background-color":"var(--ast-global-color-5)","background-image":"","background-repeat":"repeat","background-position":"center center","background-size":"auto","background-attachment":"scroll","background-type":"","background-media":"","overlay-type":"","overlay-color":"","overlay-opacity":"","overlay-gradient":""}},"_themeisle_gutenberg_block_has_review":false},"product_cat":[51,40],"product_tag":[],"class_list":{"0":"post-1356","1":"product","2":"type-product","3":"status-publish","4":"has-post-thumbnail","6":"product_cat-renta-vajilla-y-cristaleria","7":"product_cat-todos-los-productos","8":"desktop-align-left","9":"tablet-align-left","10":"mobile-align-left","12":"first","13":"instock","14":"shipping-taxable","15":"purchasable","16":"product-type-simple"},"uagb_featured_image_src":{"full":["https:\/\/alquiladoramesasur.com\/wp-content\/uploads\/2024\/02\/copa-martini.jpg",600,600,false],"thumbnail":["https:\/\/alquiladoramesasur.com\/wp-content\/uploads\/2024\/02\/copa-martini-150x150.jpg",150,150,true],"medium":["https:\/\/alquiladoramesasur.com\/wp-content\/uploads\/2024\/02\/copa-martini-300x300.jpg",300,300,true],"medium_large":["https:\/\/alquiladoramesasur.com\/wp-content\/uploads\/2024\/02\/copa-martini.jpg",600,600,false],"large":["https:\/\/alquiladoramesasur.com\/wp-content\/uploads\/2024\/02\/copa-martini.jpg",600,600,false],"1536x1536":["https:\/\/alquiladoramesasur.com\/wp-content\/uploads\/2024\/02\/copa-martini.jpg",600,600,false],"2048x2048":["https:\/\/alquiladoramesasur.com\/wp-content\/uploads\/2024\/02\/copa-martini.jpg",600,600,false],"woocommerce_thumbnail":["https:\/\/alquiladoramesasur.com\/wp-content\/uploads\/2024\/02\/copa-martini-300x300.jpg",300,300,true],"woocommerce_single":["https:\/\/alquiladoramesasur.com\/wp-content\/uploads\/2024\/02\/copa-martini.jpg",600,600,false],"woocommerce_gallery_thumbnail":["https:\/\/alquiladoramesasur.com\/wp-content\/uploads\/2024\/02\/copa-martini-100x100.jpg",100,100,true]},"uagb_author_info":{"display_name":"contacto.mesasur@gmail.com","author_link":"https:\/\/alquiladoramesasur.com\/?author=0"},"uagb_comment_info":0,"uagb_excerpt":"Renta\u00a0 Copa Para Martini. En el caso de uso de cristaler\u00eda, el cliente debe entregar cristaler\u00eda limpia, en caso de lo contrario se debe cubrir una cuota de $2 por pieza. Si realiza su pedido v\u00eda Internet considere hacerlo con por lo menos 72 hrs de anticipaci\u00f3n para una mayor probabilidad de disponibilidad. Al recibir&hellip;","_links":{"self":[{"href":"https:\/\/alquiladoramesasur.com\/index.php?rest_route=\/wp\/v3\/product\/1356","targetHints":{"allow":["GET"]}}],"collection":[{"href":"https:\/\/alquiladoramesasur.com\/index.php?rest_route=\/wp\/v3\/product"}],"about":[{"href":"https:\/\/alquiladoramesasur.com\/index.php?rest_route=\/wp\/v2\/types\/product"}],"replies":[{"embeddable":true,"href":"https:\/\/alquiladoramesasur.com\/index.php?rest_route=%2Fwp%2Fv2%2Fcomments&post=1356"}],"wp:featuredmedia":[{"embeddable":true,"href":"https:\/\/alquiladoramesasur.com\/index.php?rest_route=\/wp\/v2\/media\/1352"}],"wp:attachment":[{"href":"https:\/\/alquiladoramesasur.com\/index.php?rest_route=%2Fwp%2Fv2%2Fmedia&parent=1356"}],"wp:term":[{"taxonomy":"product_cat","embeddable":true,"href":"https:\/\/alquiladoramesasur.com\/index.php?rest_route=%2Fwp%2Fv2%2Fproduct_cat&post=1356"},{"taxonomy":"product_tag","embeddable":true,"href":"https:\/\/alquiladoramesasur.com\/index.php?rest_route=%2Fwp%2Fv2%2Fproduct_tag&post=1356"}],"curies":[{"name":"wp","href":"https:\/\/api.w.org\/{rel}","templated":true}]}}