{"id":1068,"date":"2023-05-04T00:02:55","date_gmt":"2023-05-04T00:02:55","guid":{"rendered":"https:\/\/alquiladoramesasur.com\/?post_type=product&#038;p=1068"},"modified":"2024-12-05T01:59:54","modified_gmt":"2024-12-05T01:59:54","slug":"tablon-infantil-1-8-mx-50-cm-s-mantel-blanco","status":"publish","type":"product","link":"https:\/\/alquiladoramesasur.com\/?product=tablon-infantil-1-8-mx-50-cm-s-mantel-blanco","title":{"rendered":"Renta Tablon Infantil 1.8 mX 50 cm S\/Mantel Blanco"},"content":{"rendered":"<p><strong><b>TERMINOS Y CONDICIONES <\/b><\/strong><strong><b>DE ALQUILER<\/b><\/strong><\/p>\n<p>* El Mobiliario y Loza en Renta ser\u00e1 Recolectado al d\u00eda siguiente de su evento.<\/p>\n<p>* El equipo se entregar\u00e1 en planta baja o hasta donde pueda ingresar la camioneta.<\/p>\n<p>IMPORTANTE: Entregas por escaleras o recorridos de m\u00e1s de 10 mtrs tienen un costo adicional, dependiendo cuantos pisos se tenga que subir y cuanto mobiliario haya alquilado.<\/p>\n<p>*\u00a0El alquiler es por d\u00eda.<\/p>\n<p>*\u00a0Precios No incluyen montaje ni desmontaje (solo aplica en la renta de mobiliario, manteler\u00eda y Vajilla).<\/p>\n<p>*\u00a0El contratante\u00a0dejara credencial de elector (INE) \u00a0y dejara dep\u00f3sito de garant\u00eda\u00a0\u00a0(\u00a0la garant\u00eda solo aplica a alquiler de Vajilla y cristaler\u00eda).<\/p>\n<p>*\u00a0En el caso de uso de la loza y plaque, el cliente debe entregar cristaler\u00eda, plaque y loza limpia, en caso de lo contrario se debe cubrir esta cuota: Plaque $1.-\u00a0por pieza, Loza o Cristaler\u00eda $2.-\u00a0por pieza.<\/p>\n<p>*\u00a0En caso de p\u00e9rdida o da\u00f1o de cualquier pieza (Loza, Cristaler\u00eda, plaque, mobiliario, manteler\u00eda\u00a0quemada o con cera, etc) se cubrir\u00e1 el costo de cada pieza seg\u00fan el tipo.<\/p>\n","protected":false},"excerpt":{"rendered":"<p>Renta de tabl\u00f3n infantil en fibra de vidrio, 180 X 50 cm y 50 cm de altura, con mantel y cubre mantel.<\/p>\n<p>Colores de cubre mantel: rojo, rosa, naranja, amarillo. Solicita el color que deseas,\u00a0 si no esta en la lista pregunta y te damos detalles.<\/p>\n<p>Si realiza su pedido v\u00eda Internet considere hacerlo con por lo menos 72 hrs de anticipaci\u00f3n para una mayor probabilidad de disponibilidad. Al recibir su pedido un ejecutivo se comunicara a su tel\u00e9fono para confirmar el inventario disponible y la fecha de su evento y entrega.<\/p>\n","protected":false},"featured_media":0,"comment_status":"open","ping_status":"closed","template":"","meta":{"_uag_custom_page_level_css":"","site-sidebar-layout":"default","site-content-layout":"default","ast-site-content-layout":"","site-content-style":"default","site-sidebar-style":"default","ast-global-header-display":"","ast-banner-title-visibility":"","ast-main-header-display":"","ast-hfb-above-header-display":"","ast-hfb-below-header-display":"","ast-hfb-mobile-header-display":"","site-post-title":"","ast-breadcrumbs-content":"","ast-featured-img":"","footer-sml-layout":"","theme-transparent-header-meta":"default","adv-header-id-meta":"","stick-header-meta":"","header-above-stick-meta":"","header-main-stick-meta":"","header-below-stick-meta":"","astra-migrate-meta-layouts":"default","ast-page-background-enabled":"default","ast-page-background-meta":{"desktop":{"background-color":"var(--ast-global-color-4)","background-image":"","background-repeat":"repeat","background-position":"center center","background-size":"auto","background-attachment":"scroll","background-type":"","background-media":"","overlay-type":"","overlay-color":"","overlay-opacity":"","overlay-gradient":""},"tablet":{"background-color":"","background-image":"","background-repeat":"repeat","background-position":"center center","background-size":"auto","background-attachment":"scroll","background-type":"","background-media":"","overlay-type":"","overlay-color":"","overlay-opacity":"","overlay-gradient":""},"mobile":{"background-color":"","background-image":"","background-repeat":"repeat","background-position":"center center","background-size":"auto","background-attachment":"scroll","background-type":"","background-media":"","overlay-type":"","overlay-color":"","overlay-opacity":"","overlay-gradient":""}},"ast-content-background-meta":{"desktop":{"background-color":"var(--ast-global-color-5)","background-image":"","background-repeat":"repeat","background-position":"center center","background-size":"auto","background-attachment":"scroll","background-type":"","background-media":"","overlay-type":"","overlay-color":"","overlay-opacity":"","overlay-gradient":""},"tablet":{"background-color":"var(--ast-global-color-5)","background-image":"","background-repeat":"repeat","background-position":"center center","background-size":"auto","background-attachment":"scroll","background-type":"","background-media":"","overlay-type":"","overlay-color":"","overlay-opacity":"","overlay-gradient":""},"mobile":{"background-color":"var(--ast-global-color-5)","background-image":"","background-repeat":"repeat","background-position":"center center","background-size":"auto","background-attachment":"scroll","background-type":"","background-media":"","overlay-type":"","overlay-color":"","overlay-opacity":"","overlay-gradient":""}},"_themeisle_gutenberg_block_has_review":false},"product_cat":[52,54,40],"product_tag":[],"class_list":{"0":"post-1068","1":"product","2":"type-product","3":"status-publish","5":"product_cat-renta-mesas","6":"product_cat-renta-sillas-y-mesas-ninos","7":"product_cat-todos-los-productos","8":"desktop-align-left","9":"tablet-align-left","10":"mobile-align-left","12":"first","13":"instock","14":"shipping-taxable","15":"purchasable","16":"product-type-simple"},"uagb_featured_image_src":{"full":false,"thumbnail":false,"medium":false,"medium_large":false,"large":false,"1536x1536":false,"2048x2048":false,"woocommerce_thumbnail":false,"woocommerce_single":false,"woocommerce_gallery_thumbnail":false},"uagb_author_info":{"display_name":"contacto.mesasur@gmail.com","author_link":"https:\/\/alquiladoramesasur.com\/?author=0"},"uagb_comment_info":0,"uagb_excerpt":"Renta de tabl\u00f3n infantil en fibra de vidrio, 180 X 50 cm y 50 cm de altura, con mantel y cubre mantel. Colores de cubre mantel: rojo, rosa, naranja, amarillo. Solicita el color que deseas,\u00a0 si no esta en la lista pregunta y te damos detalles. Si realiza su pedido v\u00eda Internet considere hacerlo con&hellip;","_links":{"self":[{"href":"https:\/\/alquiladoramesasur.com\/index.php?rest_route=\/wp\/v3\/product\/1068","targetHints":{"allow":["GET"]}}],"collection":[{"href":"https:\/\/alquiladoramesasur.com\/index.php?rest_route=\/wp\/v3\/product"}],"about":[{"href":"https:\/\/alquiladoramesasur.com\/index.php?rest_route=\/wp\/v2\/types\/product"}],"replies":[{"embeddable":true,"href":"https:\/\/alquiladoramesasur.com\/index.php?rest_route=%2Fwp%2Fv2%2Fcomments&post=1068"}],"wp:attachment":[{"href":"https:\/\/alquiladoramesasur.com\/index.php?rest_route=%2Fwp%2Fv2%2Fmedia&parent=1068"}],"wp:term":[{"taxonomy":"product_cat","embeddable":true,"href":"https:\/\/alquiladoramesasur.com\/index.php?rest_route=%2Fwp%2Fv2%2Fproduct_cat&post=1068"},{"taxonomy":"product_tag","embeddable":true,"href":"https:\/\/alquiladoramesasur.com\/index.php?rest_route=%2Fwp%2Fv2%2Fproduct_tag&post=1068"}],"curies":[{"name":"wp","href":"https:\/\/api.w.org\/{rel}","templated":true}]}}